{"id":694,"date":"2022-08-26T00:55:40","date_gmt":"2022-08-26T00:55:40","guid":{"rendered":"https:\/\/suplever.com\/?post_type=product&#038;p=694"},"modified":"2025-06-18T19:32:50","modified_gmt":"2025-06-18T19:32:50","slug":"bcaa-6000-225-gr","status":"publish","type":"product","link":"https:\/\/suplever.com\/?product=bcaa-6000-225-gr","title":{"rendered":"BCAA 6000 225 Gr (Outlet)"},"content":{"rendered":"<p>PRODUCTO OUTLET<br \/>\nCADUCIDAD: 01\/24<br \/>\nEMPAQUE: PERFECTO ESTADO, NUEVO Y SELLADO<br \/>\nPRODUCTO: PUEDE PRESENTAR SOLIDIFICACION<br \/>\n*No aplican cambios ni devoluciones.<\/p>\n<p>BCAA 6000 carga sus m\u00fasculos con 6 gramos de los amino\u00e1cidos esenciales de cadena ramificada L-leucina, L-isoleucina y L-valina. Esta mezcla de nutrientes anab\u00f3licos 2: 1: 1 comprobada por la investigaci\u00f3n apoya el crecimiento muscular, la fuerza y \u200b\u200bla recuperaci\u00f3n. Cuando se toma antes o durante el ejercicio, BCAA 6000 ayuda a prevenir la descomposici\u00f3n del tejido muscular magro y promueve un ambiente \u00f3ptimo de recuperaci\u00f3n post-entrenamiento. BCAA 6000 tambi\u00e9n se puede tomar durante todo el d\u00eda para prevenir la degradaci\u00f3n de las prote\u00ednas musculares o el catabolismo y mejorar la s\u00edntesis de prote\u00ednas.<\/p>\n<p>Los BCAA intraentrenamiento est\u00e1n altamente investigados y respaldados a trav\u00e9s de datos cient\u00edficos. Se ha demostrado que promueven una recuperaci\u00f3n muscular m\u00e1s r\u00e1pida y reparan el tejido muscular da\u00f1ado a un ritmo m\u00e1s r\u00e1pido. Este producto se destaca en comparaci\u00f3n con otros amino\u00e1cidos de cadena ramificada en el mercado ya que la entrada general de BCAA, la relaci\u00f3n y el perfil de sabor son inmejorables.<\/p>\n","protected":false},"excerpt":{"rendered":"<p>Los BCAA (amino\u00e1cidos de cadena ramificada) son un super combustible puro para tus m\u00fasculos. \u00bfQu\u00e9 los hace tan especiales? A diferencia de otros amino\u00e1cidos, los BCAA van directamente a los m\u00fasculos despu\u00e9s de su consumo. Cada porci\u00f3n de BCAA 6000 carga r\u00e1pidamente sus m\u00fasculos con 6 gramos de los amino\u00e1cidos de cadena ramificada L-Leucina, L-Isoleucina y L-Valina. Los BCAA ayudan adem\u00e1s a reducir la degradaci\u00f3n del tejido muscular durante el entrenamiento intenso. Esto apoya directamente la reparaci\u00f3n y recuperaci\u00f3n muscular. Nuestro BCAA 6000 es una excelente opci\u00f3n para mejorar los resultados del entrenamiento<\/p>\n","protected":false},"featured_media":696,"template":"","meta":[],"pwb-brand":[80],"product_brand":[],"product_cat":[31,111,220],"product_tag":[112,110,76],"class_list":{"0":"post-694","1":"product","2":"type-product","3":"status-publish","4":"has-post-thumbnail","6":"pwb-brand-nutrex","7":"product_cat-aminoacidos-y-mas","8":"product_cat-bcaa","9":"product_cat-outlet","10":"product_tag-bcaas","11":"product_tag-nutrex","12":"product_tag-recuperacion","13":"thunk-woo-product-list","14":"opn-qv-enable","15":"open-woo-hover-zoom","16":"open-single-product-tab-horizontal","17":"open-shadow-","18":"open-shadow-hover-","20":"first","21":"instock","22":"sale","23":"shipping-taxable","24":"purchasable","25":"product-type-simple"},"aioseo_notices":[],"jetpack_sharing_enabled":true,"brands":[{"id":80,"name":"Nutrex","slug":"nutrex"}],"_links":{"self":[{"href":"https:\/\/suplever.com\/index.php?rest_route=\/wp\/v2\/product\/694","targetHints":{"allow":["GET"]}}],"collection":[{"href":"https:\/\/suplever.com\/index.php?rest_route=\/wp\/v2\/product"}],"about":[{"href":"https:\/\/suplever.com\/index.php?rest_route=\/wp\/v2\/types\/product"}],"wp:featuredmedia":[{"embeddable":true,"href":"https:\/\/suplever.com\/index.php?rest_route=\/wp\/v2\/media\/696"}],"wp:attachment":[{"href":"https:\/\/suplever.com\/index.php?rest_route=%2Fwp%2Fv2%2Fmedia&parent=694"}],"wp:term":[{"taxonomy":"pwb-brand","embeddable":true,"href":"https:\/\/suplever.com\/index.php?rest_route=%2Fwp%2Fv2%2Fpwb-brand&post=694"},{"taxonomy":"product_brand","embeddable":true,"href":"https:\/\/suplever.com\/index.php?rest_route=%2Fwp%2Fv2%2Fproduct_brand&post=694"},{"taxonomy":"product_cat","embeddable":true,"href":"https:\/\/suplever.com\/index.php?rest_route=%2Fwp%2Fv2%2Fproduct_cat&post=694"},{"taxonomy":"product_tag","embeddable":true,"href":"https:\/\/suplever.com\/index.php?rest_route=%2Fwp%2Fv2%2Fproduct_tag&post=694"}],"curies":[{"name":"wp","href":"https:\/\/api.w.org\/{rel}","templated":true}]}}