{"id":70,"date":"2022-06-02T00:35:42","date_gmt":"2022-06-02T00:35:42","guid":{"rendered":"https:\/\/suplever.com\/?post_type=product&#038;p=70"},"modified":"2024-09-10T22:33:33","modified_gmt":"2024-09-10T22:33:33","slug":"creatine-500-gr","status":"publish","type":"product","link":"https:\/\/suplever.com\/?product=creatine-500-gr","title":{"rendered":"Creatine+ Meta 1.1 Lb"},"content":{"rendered":"<p>El Monohidrato de Creatina es una de las herramientas m\u00e1s estudiadas e importantes y usadas para aumentar fuerza. La suplementaci\u00f3n con Creatina ayuda a incrementar significativamente la potencia, tama\u00f1o y fuerza muscular durante actividades de alta intensidad.<\/p>\n<p>La creatina es usada por tus c\u00e9lulas musculares para producir energ\u00eda. Durante ejercicios extenuantes, tu cuerpo la usa como fuente de energ\u00eda para resistir el entrenamiento. Constituye un vector inmediato y directo para transportar ATP y proveer de energ\u00eda a las miofibrillas musculares.<\/p>\n<p>Libre de sub-productos de origen animal, apta para veganos.<\/p>\n<p><img data-recalc-dims=\"1\" loading=\"lazy\" decoding=\"async\" class=\"alignnone wp-image-409\" src=\"https:\/\/i0.wp.com\/suplever.com\/wp-content\/uploads\/2022\/06\/Vegan-Symbol_480x480.webp?resize=110%2C110\" alt=\"\" width=\"110\" height=\"110\" srcset=\"https:\/\/i0.wp.com\/suplever.com\/wp-content\/uploads\/2022\/06\/Vegan-Symbol_480x480.webp?resize=300%2C300&amp;ssl=1 300w, https:\/\/i0.wp.com\/suplever.com\/wp-content\/uploads\/2022\/06\/Vegan-Symbol_480x480.webp?resize=150%2C150&amp;ssl=1 150w, https:\/\/i0.wp.com\/suplever.com\/wp-content\/uploads\/2022\/06\/Vegan-Symbol_480x480.webp?resize=320%2C320&amp;ssl=1 320w, https:\/\/i0.wp.com\/suplever.com\/wp-content\/uploads\/2022\/06\/Vegan-Symbol_480x480.webp?resize=100%2C100&amp;ssl=1 100w, https:\/\/i0.wp.com\/suplever.com\/wp-content\/uploads\/2022\/06\/Vegan-Symbol_480x480.webp?resize=48%2C48&amp;ssl=1 48w, https:\/\/i0.wp.com\/suplever.com\/wp-content\/uploads\/2022\/06\/Vegan-Symbol_480x480.webp?w=480&amp;ssl=1 480w\" sizes=\"auto, (max-width: 110px) 100vw, 110px\" \/><\/p>\n<p>Ingredientes<br \/>\n<strong>Creatina Monohidratada Micronizada.<\/strong><\/p>\n<h6>Este producto no es un medicamento. Su consumo esresponsabilidad de quien lo recomienda y quien lo usa.<\/h6>\n","protected":false},"excerpt":{"rendered":"<p>Creatina Monohidratada Micronizada De Alta Pureza.<\/p>\n<p>Libre de rellenos. Libre de saborizantes. Libre de colorantes artificiales.<\/p>\n<p>\u00a1La m\u00e1s vendida de M\u00e9xico!<\/p>\n<p>&nbsp;<\/p>\n","protected":false},"featured_media":71,"template":"","meta":[],"pwb-brand":[49],"product_brand":[],"product_cat":[30],"product_tag":[43,45,44,48,41,58,46,47,40],"class_list":{"0":"post-70","1":"product","2":"type-product","3":"status-publish","4":"has-post-thumbnail","6":"pwb-brand-meta-nutrition","7":"product_cat-creatina","8":"product_tag-creatina","9":"product_tag-creatina-monohidratada","10":"product_tag-creatina-monohidrato","11":"product_tag-creatine","12":"product_tag-fuerza","13":"product_tag-meta-nutrition","14":"product_tag-micronizada","15":"product_tag-micronized","16":"product_tag-volumen","17":"thunk-woo-product-list","18":"opn-qv-enable","19":"open-woo-hover-zoom","20":"open-single-product-tab-horizontal","21":"open-shadow-","22":"open-shadow-hover-","24":"first","25":"instock","26":"featured","27":"shipping-taxable","28":"purchasable","29":"product-type-simple"},"aioseo_notices":[],"jetpack_sharing_enabled":true,"brands":[{"id":49,"name":"Meta Nutrition","slug":"meta-nutrition"}],"_links":{"self":[{"href":"https:\/\/suplever.com\/index.php?rest_route=\/wp\/v2\/product\/70","targetHints":{"allow":["GET"]}}],"collection":[{"href":"https:\/\/suplever.com\/index.php?rest_route=\/wp\/v2\/product"}],"about":[{"href":"https:\/\/suplever.com\/index.php?rest_route=\/wp\/v2\/types\/product"}],"wp:featuredmedia":[{"embeddable":true,"href":"https:\/\/suplever.com\/index.php?rest_route=\/wp\/v2\/media\/71"}],"wp:attachment":[{"href":"https:\/\/suplever.com\/index.php?rest_route=%2Fwp%2Fv2%2Fmedia&parent=70"}],"wp:term":[{"taxonomy":"pwb-brand","embeddable":true,"href":"https:\/\/suplever.com\/index.php?rest_route=%2Fwp%2Fv2%2Fpwb-brand&post=70"},{"taxonomy":"product_brand","embeddable":true,"href":"https:\/\/suplever.com\/index.php?rest_route=%2Fwp%2Fv2%2Fproduct_brand&post=70"},{"taxonomy":"product_cat","embeddable":true,"href":"https:\/\/suplever.com\/index.php?rest_route=%2Fwp%2Fv2%2Fproduct_cat&post=70"},{"taxonomy":"product_tag","embeddable":true,"href":"https:\/\/suplever.com\/index.php?rest_route=%2Fwp%2Fv2%2Fproduct_tag&post=70"}],"curies":[{"name":"wp","href":"https:\/\/api.w.org\/{rel}","templated":true}]}}