{"id":700,"date":"2022-08-26T01:03:06","date_gmt":"2022-08-26T01:03:06","guid":{"rendered":"https:\/\/suplever.com\/?post_type=product&#038;p=700"},"modified":"2025-06-18T19:31:54","modified_gmt":"2025-06-18T19:31:54","slug":"destroyer-bcaas-500-gr","status":"publish","type":"product","link":"https:\/\/suplever.com\/?product=destroyer-bcaas-500-gr","title":{"rendered":"Destroyer BCAAs 500 Gr (Outlet)"},"content":{"rendered":"<p>PRODUCTO OUTLET<br \/>\nCADUCIDAD: 09\/24<br \/>\nEMPAQUE: PERFECTO ESTADO, NUEVO Y SELLADO<br \/>\nPRODUCTO: PUEDE PRESENTAR SOLIDIFICACION<br \/>\n*No aplican cambios ni devoluciones.<\/p>\n<p>Destroyer BCAAs es la mezcla m\u00e1s potente y extrema de Amino\u00e1cidos ramificados jam\u00e1s creados. Combina el poder de la recuperaci\u00f3n muscular con la potencia de un pre entrenamiento con los sorprendentes efectos de un pro-hormonal. Con nuestra mezcla \u00fanica de Taurina, extracto de Pimienta Negra y Tribulus Terrestris, sin duda se sentir\u00e1 en un estado de Animo estilo \u00abDestroyer\u00bb durante su entrenamiento mientras que a la vez incrementa sus cantidades de Testosterona natural.<\/p>\n<p>Destroyer BCAAs ayudan en la recuperaci\u00f3n de tejido muscular, se consideran el complemento m\u00e1s importante durante y despu\u00e9s de cualquier entrenamiento para alimentar la s\u00edntesis de prote\u00ednas que ayuda a regenerar el m\u00fasculo. Si est\u00e1 buscando la f\u00f3rmula m\u00e1s completa, intensa y extrema de BCAA\u2019s, no busques m\u00e1s.<\/p>\n","protected":false},"excerpt":{"rendered":"<p>Destroyer BCAAs ayudan en la recuperaci\u00f3n de tejido muscular, se consideran el complemento m\u00e1s importante durante y despu\u00e9s de cualquier entrenamiento para alimentar la s\u00edntesis de prote\u00ednas que ayuda a regenerar el m\u00fasculo. Si est\u00e1 buscando la f\u00f3rmula m\u00e1s completa, intensa y extrema de BCAA\u2019s, no busques m\u00e1s.<\/p>\n","protected":false},"featured_media":702,"template":"","meta":[],"pwb-brand":[88],"product_brand":[],"product_cat":[31,111,220],"product_tag":[97,113,112,194],"class_list":{"0":"post-700","1":"product","2":"type-product","3":"status-publish","4":"has-post-thumbnail","6":"pwb-brand-freak-labz","7":"product_cat-aminoacidos-y-mas","8":"product_cat-bcaa","9":"product_cat-outlet","10":"product_tag-aminoacidos","11":"product_tag-bcaa","12":"product_tag-bcaas","13":"product_tag-freaklabz","14":"thunk-woo-product-list","15":"opn-qv-enable","16":"open-woo-hover-zoom","17":"open-single-product-tab-horizontal","18":"open-shadow-","19":"open-shadow-hover-","21":"first","22":"instock","23":"sale","24":"shipping-taxable","25":"purchasable","26":"product-type-simple"},"aioseo_notices":[],"jetpack_sharing_enabled":true,"brands":[{"id":88,"name":"Freak Labz","slug":"freak-labz"}],"_links":{"self":[{"href":"https:\/\/suplever.com\/index.php?rest_route=\/wp\/v2\/product\/700","targetHints":{"allow":["GET"]}}],"collection":[{"href":"https:\/\/suplever.com\/index.php?rest_route=\/wp\/v2\/product"}],"about":[{"href":"https:\/\/suplever.com\/index.php?rest_route=\/wp\/v2\/types\/product"}],"wp:featuredmedia":[{"embeddable":true,"href":"https:\/\/suplever.com\/index.php?rest_route=\/wp\/v2\/media\/702"}],"wp:attachment":[{"href":"https:\/\/suplever.com\/index.php?rest_route=%2Fwp%2Fv2%2Fmedia&parent=700"}],"wp:term":[{"taxonomy":"pwb-brand","embeddable":true,"href":"https:\/\/suplever.com\/index.php?rest_route=%2Fwp%2Fv2%2Fpwb-brand&post=700"},{"taxonomy":"product_brand","embeddable":true,"href":"https:\/\/suplever.com\/index.php?rest_route=%2Fwp%2Fv2%2Fproduct_brand&post=700"},{"taxonomy":"product_cat","embeddable":true,"href":"https:\/\/suplever.com\/index.php?rest_route=%2Fwp%2Fv2%2Fproduct_cat&post=700"},{"taxonomy":"product_tag","embeddable":true,"href":"https:\/\/suplever.com\/index.php?rest_route=%2Fwp%2Fv2%2Fproduct_tag&post=700"}],"curies":[{"name":"wp","href":"https:\/\/api.w.org\/{rel}","templated":true}]}}