{"id":705,"date":"2022-08-26T01:15:08","date_gmt":"2022-08-26T01:15:08","guid":{"rendered":"https:\/\/suplever.com\/?post_type=product&#038;p=705"},"modified":"2025-06-18T19:30:10","modified_gmt":"2025-06-18T19:30:10","slug":"amino-x-435-grs","status":"publish","type":"product","link":"https:\/\/suplever.com\/?product=amino-x-435-grs","title":{"rendered":"Amino X 435 grs (Outlet)"},"content":{"rendered":"<p>PRODUCTO OUTLET<br \/>\nCADUCIDAD: 05\/24<br \/>\nEMPAQUE: PERFECTO ESTADO, NUEVO Y SELLADO<br \/>\nPRODUCTO: PUEDE PRESENTAR SOLIDIFICACION<br \/>\n*No aplican cambios ni devoluciones.<\/p>\n<p>APOYA A LA RESISTENCIA Y RECUPERACI\u00d3N MUSCULAR<br \/>\nAMINOx\u00ae es una f\u00f3rmula de BCAA libre de estimulantes dise\u00f1ada para apoyar la resistencia durante tu entrenamiento y ayudar en la recuperaci\u00f3n muscular despu\u00e9s del entrenamiento, para que puedas liberar tu potencial en rendimiento. Con una mezcla de 10 gramos de BCAA y amino\u00e1cidos, L-Alanina, Taurina y L-citrulina, AMINOx\u00ae ayudar\u00e1 a tu cuerpo a recuperarse del entrenamiento de hoy para prepararse para el de ma\u00f1ana. Con sabores refrescantes, AMINOx\u00ae te brinda un soporte nutricional vers\u00e1til para cualquier tipo de r\u00e9gimen de entrenamiento.<\/p>\n<p>BCAAS Y EL CUERPO<br \/>\nLos amino\u00e1cidos son componentes b\u00e1sicos de las prote\u00ednas y, por lo tanto, componentes b\u00e1sicos del m\u00fasculo magro. Los Amino\u00e1cidos de Cadena Ramificada (BCAA) son tres amino\u00e1cidos espec\u00edficos, Leucina, Isoleucina y Valina, y el cuerpo debe obtenerlos de los alimentos o de los suplementos de BCAA. Los BCAA pueden ser utilizados por las c\u00e9lulas musculares como fuente de energ\u00eda, lo que puede ayudar a compensar la degradaci\u00f3n muscular durante el ejercicio de resistencia y ayudar a apoyar en la recuperaci\u00f3n y reparaci\u00f3n despu\u00e9s del entrenamiento con pesas. Como resultado, los BCAA son un suplemento popular y relevante entre quienes hacen ejercicio con regularidad.<\/p>\n","protected":false},"excerpt":{"rendered":"<p>Para el atleta serio que reconoce la importancia de la recuperaci\u00f3n muscular, AminoX es una f\u00f3rmula sin cafe\u00edna que brinda 10 g de una combinaci\u00f3n de amino\u00e1cidos, incluyendo AACR (2:1:1), as\u00ed como tambi\u00e9n L-alanina, taurina y L-citrulina para ayudar a estimular la s\u00edntesis de prote\u00edna muscular luego de cada sesi\u00f3n de entrenamiento.<\/p>\n","protected":false},"featured_media":707,"template":"","meta":[],"pwb-brand":[195],"product_brand":[],"product_cat":[31,95,220],"product_tag":[97,96,196,76,109],"class_list":{"0":"post-705","1":"product","2":"type-product","3":"status-publish","4":"has-post-thumbnail","6":"pwb-brand-bsn","7":"product_cat-aminoacidos-y-mas","8":"product_cat-aminos","9":"product_cat-outlet","10":"product_tag-aminoacidos","11":"product_tag-aminos","12":"product_tag-bsn","13":"product_tag-recuperacion","14":"product_tag-rendimiento","15":"thunk-woo-product-list","16":"opn-qv-enable","17":"open-woo-hover-zoom","18":"open-single-product-tab-horizontal","19":"open-shadow-","20":"open-shadow-hover-","22":"first","23":"instock","24":"sale","25":"shipping-taxable","26":"purchasable","27":"product-type-simple"},"aioseo_notices":[],"jetpack_sharing_enabled":true,"brands":[{"id":195,"name":"BSN","slug":"bsn"}],"_links":{"self":[{"href":"https:\/\/suplever.com\/index.php?rest_route=\/wp\/v2\/product\/705","targetHints":{"allow":["GET"]}}],"collection":[{"href":"https:\/\/suplever.com\/index.php?rest_route=\/wp\/v2\/product"}],"about":[{"href":"https:\/\/suplever.com\/index.php?rest_route=\/wp\/v2\/types\/product"}],"wp:featuredmedia":[{"embeddable":true,"href":"https:\/\/suplever.com\/index.php?rest_route=\/wp\/v2\/media\/707"}],"wp:attachment":[{"href":"https:\/\/suplever.com\/index.php?rest_route=%2Fwp%2Fv2%2Fmedia&parent=705"}],"wp:term":[{"taxonomy":"pwb-brand","embeddable":true,"href":"https:\/\/suplever.com\/index.php?rest_route=%2Fwp%2Fv2%2Fpwb-brand&post=705"},{"taxonomy":"product_brand","embeddable":true,"href":"https:\/\/suplever.com\/index.php?rest_route=%2Fwp%2Fv2%2Fproduct_brand&post=705"},{"taxonomy":"product_cat","embeddable":true,"href":"https:\/\/suplever.com\/index.php?rest_route=%2Fwp%2Fv2%2Fproduct_cat&post=705"},{"taxonomy":"product_tag","embeddable":true,"href":"https:\/\/suplever.com\/index.php?rest_route=%2Fwp%2Fv2%2Fproduct_tag&post=705"}],"curies":[{"name":"wp","href":"https:\/\/api.w.org\/{rel}","templated":true}]}}