{"id":720,"date":"2022-08-26T01:41:08","date_gmt":"2022-08-26T01:41:08","guid":{"rendered":"https:\/\/suplever.com\/?post_type=product&#038;p=720"},"modified":"2024-11-29T02:09:26","modified_gmt":"2024-11-29T02:09:26","slug":"omega-3-xs-120-softgels","status":"publish","type":"product","link":"https:\/\/suplever.com\/?product=omega-3-xs-120-softgels","title":{"rendered":"Omega-3 XS 120 Softgels"},"content":{"rendered":"<p>\u00c1CIDO GRASO, SOPORTE QUEMA GRASA<br \/>\nEl aceite de pescado Omega 3 ayuda en la salud del coraz\u00f3n, del cerebro, de las articulaciones, del estado de \u00e1nimo y mental, as\u00ed como de la piel y del cabello. Este es un excelente suplemento para la salud general.<\/p>\n<p>2g Aceite de pescado<br \/>\n680mg Omega-3<br \/>\n360mg EPA<br \/>\n240mg DHA<br \/>\nCertificaciones cGMP<br \/>\nFabricado en U.S.A.<\/p>\n<p>Beneficios:<br \/>\n&#8211; Concentraci\u00f3n Mental<br \/>\n&#8211; Apoya las Articulaciones<br \/>\n&#8211; Apoya la Salud del Coraz\u00f3n<\/p>\n","protected":false},"excerpt":{"rendered":"<p>2g Aceite de pescado<br \/>\n680mg Omega-3<br \/>\n360mg EPA<br \/>\n240mg DHA<br \/>\nCertificaciones cGMP<br \/>\nFabricado en U.S.A.<\/p>\n","protected":false},"featured_media":722,"template":"","meta":[],"pwb-brand":[78],"product_brand":[],"product_cat":[31,197],"product_tag":[180,98],"class_list":{"0":"post-720","1":"product","2":"type-product","3":"status-publish","4":"has-post-thumbnail","6":"pwb-brand-rc","7":"product_cat-aminoacidos-y-mas","8":"product_cat-omega-3","9":"product_tag-omega-3","10":"product_tag-rc","11":"thunk-woo-product-list","12":"opn-qv-enable","13":"open-woo-hover-zoom","14":"open-single-product-tab-horizontal","15":"open-shadow-","16":"open-shadow-hover-","18":"first","19":"instock","20":"shipping-taxable","21":"purchasable","22":"product-type-simple"},"aioseo_notices":[],"jetpack_sharing_enabled":true,"brands":[{"id":78,"name":"Ronnie Coleman","slug":"rc"}],"_links":{"self":[{"href":"https:\/\/suplever.com\/index.php?rest_route=\/wp\/v2\/product\/720","targetHints":{"allow":["GET"]}}],"collection":[{"href":"https:\/\/suplever.com\/index.php?rest_route=\/wp\/v2\/product"}],"about":[{"href":"https:\/\/suplever.com\/index.php?rest_route=\/wp\/v2\/types\/product"}],"wp:featuredmedia":[{"embeddable":true,"href":"https:\/\/suplever.com\/index.php?rest_route=\/wp\/v2\/media\/722"}],"wp:attachment":[{"href":"https:\/\/suplever.com\/index.php?rest_route=%2Fwp%2Fv2%2Fmedia&parent=720"}],"wp:term":[{"taxonomy":"pwb-brand","embeddable":true,"href":"https:\/\/suplever.com\/index.php?rest_route=%2Fwp%2Fv2%2Fpwb-brand&post=720"},{"taxonomy":"product_brand","embeddable":true,"href":"https:\/\/suplever.com\/index.php?rest_route=%2Fwp%2Fv2%2Fproduct_brand&post=720"},{"taxonomy":"product_cat","embeddable":true,"href":"https:\/\/suplever.com\/index.php?rest_route=%2Fwp%2Fv2%2Fproduct_cat&post=720"},{"taxonomy":"product_tag","embeddable":true,"href":"https:\/\/suplever.com\/index.php?rest_route=%2Fwp%2Fv2%2Fproduct_tag&post=720"}],"curies":[{"name":"wp","href":"https:\/\/api.w.org\/{rel}","templated":true}]}}