{"id":770,"date":"2022-09-18T19:22:40","date_gmt":"2022-09-18T19:22:40","guid":{"rendered":"https:\/\/suplever.com\/?post_type=product&#038;p=770"},"modified":"2025-06-18T21:42:06","modified_gmt":"2025-06-18T21:42:06","slug":"nitro-tech-whey-gold-4lb-antes-performance","status":"publish","type":"product","link":"https:\/\/suplever.com\/?product=nitro-tech-whey-gold-4lb-antes-performance","title":{"rendered":"Nitro Tech Whey Protein 4Lb (antes performance)"},"content":{"rendered":"<p><span style=\"color: #ff0000;\"><strong>Nitro-Tech<\/strong><\/span> es creado cientificamente, mejorado con una f\u00f3rmula de suero de prote\u00edna y dise\u00f1ada para todos los atletas que buscan m\u00e1s musculatura, m\u00e1s fuerza y mejor rendimiento. <strong><span style=\"color: #ff0000;\">Nitro-Tech<\/span><\/strong> contiene prote\u00ednas principalmente de suero de prote\u00edna aislada y de suero de p\u00e9ptidos, dos de las fuentes m\u00e1s limpias y puras de prote\u00edna disponibles. Otros suplementos de suero de prote\u00edna podr\u00e1n tener solo unos cuantos gramos de \u00e9stas prote\u00ednas altamentes biodisponibles y de f\u00e1cil digesti\u00f3n. Nitro-Tech\u00ae tambi\u00e9n fue mejorado con una forma de creatina muy estudiada para incluso obtener mejores ganancias en m\u00fasculo y fuerza.<\/p>\n<p>Muy pocas prote\u00ednas cambian el juego completamente, por a\u00f1os los fisicoculturistas han tenido muy pocas opciones de fuentes de prote\u00ednas que hayan sido formuladas cient\u00edficamente para ayudar a construir m\u00e1s m\u00fasculos. Por eso, por cuatro a\u00f1os tu puedes cambiar b\u00e1sicamente cada mes de marca de prote\u00edna y no ver diferencia alguna en ganancias.<\/p>\n<p>Esto ha cambiado con el lanzamiento de <strong><span style=\"color: #ff0000;\">Nitro-Tech\u00ae<\/span><\/strong>. Investigadores de <strong>MuscleTech\u00ae<\/strong> inviertieron incontables horas de trabajo para crear una f\u00f3rmula de prote\u00edna que conlleva a desarrollar m\u00e1s m\u00fasculos y m\u00e1s fuerza que la prote\u00edna de suero regular. Han tenido \u00e9xito con la poderosa f\u00f3rmula de Nitro-Tech\u00ae, \u00a1ahora los fisicoculturistas y otros atletas tienen al alcance un avanzado suplemento de prote\u00edna de suero que ofrece resultados realmente superiores en construcci\u00f3n muscular!<\/p>\n<p>&nbsp;<\/p>\n","protected":false},"excerpt":{"rendered":"<p>Nitro-Tech\u00ae contiene una dosis de 3 gramos de monohidrato de creatina probada por investigaci\u00f3n, que combinada con la prote\u00edna ayuda a desarrollar m\u00e1s fuerza que el suero de prote\u00edna regular. En un estudio avanzado, sujetos que usaron el ingrediente primario de la combinaci\u00f3n en Nitro-Tech\u00ae incrementaron su repetici\u00f3n m\u00e1xima en uno por 34 lbs en press de banca, comparado con solo 14 lbs de los sujetos que usaron suero de prote\u00edna regular.<\/p>\n","protected":false},"featured_media":772,"template":"","meta":[],"pwb-brand":[90],"product_brand":[],"product_cat":[213,20,61],"product_tag":[163,202,23,24],"class_list":{"0":"post-770","1":"product","2":"type-product","3":"status-publish","4":"has-post-thumbnail","6":"pwb-brand-muscletech","7":"product_cat-off-2024","8":"product_cat-proteinas","9":"product_cat-whey-protein","10":"product_tag-muscletech","11":"product_tag-nitrotech","12":"product_tag-proteina","13":"product_tag-whey-protein","14":"thunk-woo-product-list","15":"opn-qv-enable","16":"open-woo-hover-zoom","17":"open-single-product-tab-horizontal","18":"open-shadow-","19":"open-shadow-hover-","21":"first","22":"instock","23":"sale","24":"featured","25":"shipping-taxable","26":"purchasable","27":"product-type-simple"},"aioseo_notices":[],"jetpack_sharing_enabled":true,"brands":[{"id":90,"name":"Muscletech","slug":"muscletech"}],"_links":{"self":[{"href":"https:\/\/suplever.com\/index.php?rest_route=\/wp\/v2\/product\/770","targetHints":{"allow":["GET"]}}],"collection":[{"href":"https:\/\/suplever.com\/index.php?rest_route=\/wp\/v2\/product"}],"about":[{"href":"https:\/\/suplever.com\/index.php?rest_route=\/wp\/v2\/types\/product"}],"wp:featuredmedia":[{"embeddable":true,"href":"https:\/\/suplever.com\/index.php?rest_route=\/wp\/v2\/media\/772"}],"wp:attachment":[{"href":"https:\/\/suplever.com\/index.php?rest_route=%2Fwp%2Fv2%2Fmedia&parent=770"}],"wp:term":[{"taxonomy":"pwb-brand","embeddable":true,"href":"https:\/\/suplever.com\/index.php?rest_route=%2Fwp%2Fv2%2Fpwb-brand&post=770"},{"taxonomy":"product_brand","embeddable":true,"href":"https:\/\/suplever.com\/index.php?rest_route=%2Fwp%2Fv2%2Fproduct_brand&post=770"},{"taxonomy":"product_cat","embeddable":true,"href":"https:\/\/suplever.com\/index.php?rest_route=%2Fwp%2Fv2%2Fproduct_cat&post=770"},{"taxonomy":"product_tag","embeddable":true,"href":"https:\/\/suplever.com\/index.php?rest_route=%2Fwp%2Fv2%2Fproduct_tag&post=770"}],"curies":[{"name":"wp","href":"https:\/\/api.w.org\/{rel}","templated":true}]}}