{"id":775,"date":"2022-09-18T19:33:44","date_gmt":"2022-09-18T19:33:44","guid":{"rendered":"https:\/\/suplever.com\/?post_type=product&#038;p=775"},"modified":"2025-08-02T17:50:14","modified_gmt":"2025-08-02T17:50:14","slug":"nitro-tech-ripped-4-lb","status":"publish","type":"product","link":"https:\/\/suplever.com\/?product=nitro-tech-ripped-4-lb","title":{"rendered":"Nitro-Tech Ripped 4 Lb"},"content":{"rendered":"<p>Te presentamos la nueva Nitro-Tech Ripped. Lo \u00faltimo en prote\u00ednas + f\u00f3rmula para perdida de peso.<\/p>\n<p>NitroTech Ripped es una mezcla de Whey Protein Isolate y Whey Protein Concentrate de MuscleTech, cada uno de sus 42 servicios te proporcionan: 30g de Prote\u00edna, 4g de Carbohidratos, 4g de Grasa, 500mg de L-Carnitina, 250mg de CLA, 200mg Robusta Coffee y 100mg Green Tea.<\/p>\n<p>Las prote\u00ednas Isolatadas son la forma m\u00e1s pura de la prote\u00edna, se obtiene al pasar la prote\u00edna por varios filtros hasta eliminar todas las impurezas, est\u00e1 especialmente dirigida a personas con un sistema digestivo delicado o que busque una absorci\u00f3n r\u00e1pida (De 2 o 3 horas).<\/p>\n<p>&nbsp;<\/p>\n","protected":false},"excerpt":{"rendered":"<p>F\u00d3RMULA DE PROTE\u00cdNA MAGRA + P\u00c9RDIDA DE PESO<br \/>\nNitro-Tech\u00ae Ripped combina p\u00e9ptidos y aislado de prote\u00edna de suero de la m\u00e1s alta calidad con C. Canephora Robusta, un ingrediente cient\u00edficamente probado para perder peso.<\/p>\n","protected":false},"featured_media":777,"template":"","meta":[],"pwb-brand":[90],"product_brand":[],"product_cat":[20,61],"product_tag":[163,202,23,204,24],"class_list":{"0":"post-775","1":"product","2":"type-product","3":"status-publish","4":"has-post-thumbnail","6":"pwb-brand-muscletech","7":"product_cat-proteinas","8":"product_cat-whey-protein","9":"product_tag-muscletech","10":"product_tag-nitrotech","11":"product_tag-proteina","12":"product_tag-ripped","13":"product_tag-whey-protein","14":"thunk-woo-product-list","15":"opn-qv-enable","16":"open-woo-hover-zoom","17":"open-single-product-tab-horizontal","18":"open-shadow-","19":"open-shadow-hover-","21":"first","22":"instock","23":"featured","24":"shipping-taxable","25":"purchasable","26":"product-type-simple"},"aioseo_notices":[],"jetpack_sharing_enabled":true,"brands":[{"id":90,"name":"Muscletech","slug":"muscletech"}],"_links":{"self":[{"href":"https:\/\/suplever.com\/index.php?rest_route=\/wp\/v2\/product\/775","targetHints":{"allow":["GET"]}}],"collection":[{"href":"https:\/\/suplever.com\/index.php?rest_route=\/wp\/v2\/product"}],"about":[{"href":"https:\/\/suplever.com\/index.php?rest_route=\/wp\/v2\/types\/product"}],"wp:featuredmedia":[{"embeddable":true,"href":"https:\/\/suplever.com\/index.php?rest_route=\/wp\/v2\/media\/777"}],"wp:attachment":[{"href":"https:\/\/suplever.com\/index.php?rest_route=%2Fwp%2Fv2%2Fmedia&parent=775"}],"wp:term":[{"taxonomy":"pwb-brand","embeddable":true,"href":"https:\/\/suplever.com\/index.php?rest_route=%2Fwp%2Fv2%2Fpwb-brand&post=775"},{"taxonomy":"product_brand","embeddable":true,"href":"https:\/\/suplever.com\/index.php?rest_route=%2Fwp%2Fv2%2Fproduct_brand&post=775"},{"taxonomy":"product_cat","embeddable":true,"href":"https:\/\/suplever.com\/index.php?rest_route=%2Fwp%2Fv2%2Fproduct_cat&post=775"},{"taxonomy":"product_tag","embeddable":true,"href":"https:\/\/suplever.com\/index.php?rest_route=%2Fwp%2Fv2%2Fproduct_tag&post=775"}],"curies":[{"name":"wp","href":"https:\/\/api.w.org\/{rel}","templated":true}]}}