{"id":78,"date":"2022-06-02T00:46:31","date_gmt":"2022-06-02T00:46:31","guid":{"rendered":"https:\/\/suplever.com\/?post_type=product&#038;p=78"},"modified":"2024-10-03T23:38:18","modified_gmt":"2024-10-03T23:38:18","slug":"full-protein-4-4-lb","status":"publish","type":"product","link":"https:\/\/suplever.com\/?product=full-protein-4-4-lb","title":{"rendered":"Full Protein 4.4 Lb"},"content":{"rendered":"<p><span style=\"color: #ff6600;\"><strong>\u00bfQue es la prote\u00edna whey (suero de leche)?<\/strong><\/span><\/p>\n<p>La prote\u00edna whey en un suplemento que se obtiene aislando el suero que se encuentra en algunos productos l\u00e1cteos. A partir de ah\u00ed, se extrae un nutriente de un alto valor biol\u00f3gico que es muy rico en amino\u00e1cidos ramificados de f\u00e1cil absorci\u00f3n.<\/p>\n<p>En este sentido, son muchos los deportistas que toman prote\u00edna whey despu\u00e9s de un intenso entrenamiento anaer\u00f3bico, ya que favorece el desarrollo muscular, siempre y cuando se acompa\u00f1e de otras rutinas y de una dieta sana y equilibrada. Tambi\u00e9n tiene efectos antioxidantes, ya <span style=\"color: #000000;\">que<\/span> evita la liberalizaci\u00f3n de radicales libres, un tipo de \u00e1tomo que est\u00e1 muy relacionado con la aparici\u00f3n de algunas enfermedades como el c\u00e1ncer o la diabetes.<\/p>\n<p><span style=\"color: #ff6600;\"><strong>Beneficios:<\/strong><\/span><\/p>\n<ul>\n<li><strong>Estimula la regeneraci\u00f3n muscular.<\/strong> Dicho suplemento es el compa\u00f1ero perfecto despu\u00e9s de realizar cualquier rutina de alta intensidad. \u00bfEl motivo? Evita la fatiga y consigue que las fibras musculares se regeneren de forma m\u00e1s r\u00e1pida.<\/li>\n<li><strong>Posee propiedades cicatrizantes.<\/strong> Son muchas las personas que deciden tomar suero de leche despu\u00e9s de una cirug\u00eda, ya que evita la aparici\u00f3n de hemorragias y favorece la regeneraci\u00f3n cut\u00e1nea.<\/li>\n<li><strong>Acelera el metabolismo.<\/strong> Gracias a la prote\u00edna whey se pueden quemar algunos nutrientes (como las grasas o los hidratos de carbono) de manera m\u00e1s efectiva a trav\u00e9s del organismo.<\/li>\n<li><strong>Tiene efectos saciantes.<\/strong> El suero de leche tambi\u00e9n ayuda a aquellos que se han puesto el objetivo de dejar de picar entre horas y que, al mismo tiempo, quieren cuidar su l\u00ednea.<\/li>\n<li><strong>Reduce los niveles de estr\u00e9s.<\/strong> Con este suplemento se segrega serotonina, un tipo de hormona neurotransmisora que mejora el estado de \u00e1nimo y, por tanto, puede aliviar los problemas de estr\u00e9s y ansiedad. Tambi\u00e9n hay personas que la toman cuando tienen dificultades para conciliar el sue\u00f1o.<\/li>\n<\/ul>\n","protected":false},"excerpt":{"rendered":"<p>FULL PROTEIN es la f\u00f3rmula de liberaci\u00f3n sostenida dise\u00f1ada con la combinaci\u00f3n exacta de prote\u00edna de distintas fuentes para brindarte una absorci\u00f3n de amino\u00e1cidos necesaria para un m\u00e1ximo crecimiento muscular, una \u00f3ptima recuperaci\u00f3n y la prevenci\u00f3n de la p\u00e9rdida muscular. FULL PROTEIN te brinda 23g. de prote\u00ednas de r\u00e1pida, media y lenta absorci\u00f3n que incluyen 4.5g. de BCAA\u00b4s (Amino \u00c1cidos de Cadena Ramificada) + 4.5g. de Glutamina, amino\u00e1cidos involucrados directamente en el anabolismo.<\/p>\n","protected":false},"featured_media":79,"template":"","meta":[],"pwb-brand":[49],"product_brand":[],"product_cat":[213,20,61],"product_tag":[58,23,76,109,40,24],"class_list":{"0":"post-78","1":"product","2":"type-product","3":"status-publish","4":"has-post-thumbnail","6":"pwb-brand-meta-nutrition","7":"product_cat-off-2024","8":"product_cat-proteinas","9":"product_cat-whey-protein","10":"product_tag-meta-nutrition","11":"product_tag-proteina","12":"product_tag-recuperacion","13":"product_tag-rendimiento","14":"product_tag-volumen","15":"product_tag-whey-protein","16":"thunk-woo-product-list","17":"opn-qv-enable","18":"open-woo-hover-zoom","19":"open-single-product-tab-horizontal","20":"open-shadow-","21":"open-shadow-hover-","23":"first","24":"outofstock","25":"featured","26":"shipping-taxable","27":"purchasable","28":"product-type-simple"},"aioseo_notices":[],"jetpack_sharing_enabled":true,"brands":[{"id":49,"name":"Meta Nutrition","slug":"meta-nutrition"}],"_links":{"self":[{"href":"https:\/\/suplever.com\/index.php?rest_route=\/wp\/v2\/product\/78","targetHints":{"allow":["GET"]}}],"collection":[{"href":"https:\/\/suplever.com\/index.php?rest_route=\/wp\/v2\/product"}],"about":[{"href":"https:\/\/suplever.com\/index.php?rest_route=\/wp\/v2\/types\/product"}],"wp:featuredmedia":[{"embeddable":true,"href":"https:\/\/suplever.com\/index.php?rest_route=\/wp\/v2\/media\/79"}],"wp:attachment":[{"href":"https:\/\/suplever.com\/index.php?rest_route=%2Fwp%2Fv2%2Fmedia&parent=78"}],"wp:term":[{"taxonomy":"pwb-brand","embeddable":true,"href":"https:\/\/suplever.com\/index.php?rest_route=%2Fwp%2Fv2%2Fpwb-brand&post=78"},{"taxonomy":"product_brand","embeddable":true,"href":"https:\/\/suplever.com\/index.php?rest_route=%2Fwp%2Fv2%2Fproduct_brand&post=78"},{"taxonomy":"product_cat","embeddable":true,"href":"https:\/\/suplever.com\/index.php?rest_route=%2Fwp%2Fv2%2Fproduct_cat&post=78"},{"taxonomy":"product_tag","embeddable":true,"href":"https:\/\/suplever.com\/index.php?rest_route=%2Fwp%2Fv2%2Fproduct_tag&post=78"}],"curies":[{"name":"wp","href":"https:\/\/api.w.org\/{rel}","templated":true}]}}