{"id":82,"date":"2022-06-02T00:51:25","date_gmt":"2022-06-02T00:51:25","guid":{"rendered":"https:\/\/suplever.com\/?post_type=product&#038;p=82"},"modified":"2025-06-18T21:43:52","modified_gmt":"2025-06-18T21:43:52","slug":"meta-veg-5-lb","status":"publish","type":"product","link":"https:\/\/suplever.com\/?product=meta-veg-5-lb","title":{"rendered":"Meta Veg 5 Lb"},"content":{"rendered":"<p><span style=\"color: #008000;\"><strong>Meta Veg<\/strong><\/span> es la deliciosa malteada en polvo dise\u00f1ada con <strong>25 Gr de Prote\u00edna vegetal aislada e hidrolizada de Soya<\/strong>, la cual puede ayudar a reducir la p\u00e9rdida de nitr\u00f3geno y mantenerte en un balance positivo para facilitar el crecimiento muscular y evitar el catabolismo. Con <strong>4 Gr de Glutamina<\/strong> y <strong>4 Gr de BCAA\u2019s<\/strong> (Amino\u00e1cidos de cadena ramificada) formulada para:<\/p>\n<p style=\"padding-left: 40px;\"><strong>&#8211; Promover la salud del coraz\u00f3n<\/strong><br \/>\n<strong>&#8211; Bajar los niveles de colesterol LDL y triglic\u00e9ridos en la sangre<\/strong><br \/>\n<strong>&#8211; Promover la salud en los huesos<\/strong><br \/>\n<strong>&#8211; Promover un balance hormonal<\/strong><br \/>\n<strong>&#8211; Promover una m\u00e1s r\u00e1pida recuperaci\u00f3n y crecimiento muscular<\/strong><\/p>\n","protected":false},"excerpt":{"rendered":"<p>Meta Veg es la deliciosa malteada en polvo dise\u00f1ada con 25 Gr de Prote\u00edna vegetal aislada e hidrolizada de Soya, la cual puede ayudar a reducir la p\u00e9rdida de nitr\u00f3geno y mantenerte en un balance positivo para facilitar el crecimiento muscular y evitar el catabolismo. Con 4 Gr de Glutamina y 4 Gr de BCAA\u2019s (Amino\u00e1cidos de cadena ramificada) formulada para:<\/p>\n<p>&#8211; Promover la salud del coraz\u00f3n<br \/>\n&#8211; Bajar los niveles de colesterol LDL y triglic\u00e9ridos en la sangre<br \/>\n&#8211; Promover la salud en los huesos<br \/>\n&#8211; Promover un balance hormonal<br \/>\n&#8211; Promover una m\u00e1s r\u00e1pida recuperaci\u00f3n y crecimiento muscular<\/p>\n","protected":false},"featured_media":83,"template":"","meta":[],"pwb-brand":[49],"product_brand":[],"product_cat":[213,20,62],"product_tag":[66,64,65,63,67],"class_list":{"0":"post-82","1":"product","2":"type-product","3":"status-publish","4":"has-post-thumbnail","6":"pwb-brand-meta-nutrition","7":"product_cat-off-2024","8":"product_cat-proteinas","9":"product_cat-vegan-protein","10":"product_tag-meta","11":"product_tag-veg","12":"product_tag-veg-protein","13":"product_tag-vegan","14":"product_tag-vegan-protein","15":"thunk-woo-product-list","16":"opn-qv-enable","17":"open-woo-hover-zoom","18":"open-single-product-tab-horizontal","19":"open-shadow-","20":"open-shadow-hover-","22":"first","23":"instock","24":"sale","25":"shipping-taxable","26":"purchasable","27":"product-type-simple"},"aioseo_notices":[],"jetpack_sharing_enabled":true,"brands":[{"id":49,"name":"Meta Nutrition","slug":"meta-nutrition"}],"_links":{"self":[{"href":"https:\/\/suplever.com\/index.php?rest_route=\/wp\/v2\/product\/82","targetHints":{"allow":["GET"]}}],"collection":[{"href":"https:\/\/suplever.com\/index.php?rest_route=\/wp\/v2\/product"}],"about":[{"href":"https:\/\/suplever.com\/index.php?rest_route=\/wp\/v2\/types\/product"}],"wp:featuredmedia":[{"embeddable":true,"href":"https:\/\/suplever.com\/index.php?rest_route=\/wp\/v2\/media\/83"}],"wp:attachment":[{"href":"https:\/\/suplever.com\/index.php?rest_route=%2Fwp%2Fv2%2Fmedia&parent=82"}],"wp:term":[{"taxonomy":"pwb-brand","embeddable":true,"href":"https:\/\/suplever.com\/index.php?rest_route=%2Fwp%2Fv2%2Fpwb-brand&post=82"},{"taxonomy":"product_brand","embeddable":true,"href":"https:\/\/suplever.com\/index.php?rest_route=%2Fwp%2Fv2%2Fproduct_brand&post=82"},{"taxonomy":"product_cat","embeddable":true,"href":"https:\/\/suplever.com\/index.php?rest_route=%2Fwp%2Fv2%2Fproduct_cat&post=82"},{"taxonomy":"product_tag","embeddable":true,"href":"https:\/\/suplever.com\/index.php?rest_route=%2Fwp%2Fv2%2Fproduct_tag&post=82"}],"curies":[{"name":"wp","href":"https:\/\/api.w.org\/{rel}","templated":true}]}}