{"id":873,"date":"2022-10-09T17:02:04","date_gmt":"2022-10-09T17:02:04","guid":{"rendered":"https:\/\/suplever.com\/?post_type=product&#038;p=873"},"modified":"2024-11-29T01:48:25","modified_gmt":"2024-11-29T01:48:25","slug":"psychotic-206-gr","status":"publish","type":"product","link":"https:\/\/suplever.com\/?product=psychotic-206-gr","title":{"rendered":"Psychotic"},"content":{"rendered":"<p>Un servicio de este producto equivale a 3-4 servicios de cualquier otro polvo de pre entreno popular actualmente en el mercado.<\/p>\n<p>\u00a1Ponte Psic\u00f3pata en el gym!<\/p>\n","protected":false},"excerpt":{"rendered":"<p><span style=\"color: #ff0000;\"><strong>Psychotic<\/strong><\/span> de Insane Labz es el estimulante en polvo de pre entrenamiento m\u00e1s potente jam\u00e1s creado.<\/p>\n<p>Adicionado con el ingrediente de marca Ampiberry que prolonga el tiempo de estimulaci\u00f3n de los ingredientes por mucho m\u00e1s de 3 horas. Psychotic esta hecho para atletas elite y no deber\u00eda ser usado por principiantes.<\/p>\n<p>Un servicio de este producto equivale a 3-4 servicios de cualquier otro polvo de pre entreno popular actualmente en el mercado. Psychotic es elaborado en instalaciones certificadas por cGMP, es testeado en pureza y pasa por una estricta prueba microbiana para asegurar que tu producto esta libre de ingredientes m\u00e1gicos que no estan marcados en la etiqueta. \u00a1Ponte Psic\u00f3pata en el gym!<\/p>\n","protected":false},"featured_media":875,"template":"","meta":[],"pwb-brand":[79],"product_brand":[],"product_cat":[27],"product_tag":[],"class_list":{"0":"post-873","1":"product","2":"type-product","3":"status-publish","4":"has-post-thumbnail","6":"pwb-brand-insane-labz","7":"product_cat-pre-entreno","8":"thunk-woo-product-list","9":"opn-qv-enable","10":"open-woo-hover-zoom","11":"open-single-product-tab-horizontal","12":"open-shadow-","13":"open-shadow-hover-","15":"first","16":"instock","17":"shipping-taxable","18":"purchasable","19":"product-type-simple"},"aioseo_notices":[],"jetpack_sharing_enabled":true,"brands":[{"id":79,"name":"Insane labz","slug":"insane-labz"}],"_links":{"self":[{"href":"https:\/\/suplever.com\/index.php?rest_route=\/wp\/v2\/product\/873","targetHints":{"allow":["GET"]}}],"collection":[{"href":"https:\/\/suplever.com\/index.php?rest_route=\/wp\/v2\/product"}],"about":[{"href":"https:\/\/suplever.com\/index.php?rest_route=\/wp\/v2\/types\/product"}],"wp:featuredmedia":[{"embeddable":true,"href":"https:\/\/suplever.com\/index.php?rest_route=\/wp\/v2\/media\/875"}],"wp:attachment":[{"href":"https:\/\/suplever.com\/index.php?rest_route=%2Fwp%2Fv2%2Fmedia&parent=873"}],"wp:term":[{"taxonomy":"pwb-brand","embeddable":true,"href":"https:\/\/suplever.com\/index.php?rest_route=%2Fwp%2Fv2%2Fpwb-brand&post=873"},{"taxonomy":"product_brand","embeddable":true,"href":"https:\/\/suplever.com\/index.php?rest_route=%2Fwp%2Fv2%2Fproduct_brand&post=873"},{"taxonomy":"product_cat","embeddable":true,"href":"https:\/\/suplever.com\/index.php?rest_route=%2Fwp%2Fv2%2Fproduct_cat&post=873"},{"taxonomy":"product_tag","embeddable":true,"href":"https:\/\/suplever.com\/index.php?rest_route=%2Fwp%2Fv2%2Fproduct_tag&post=873"}],"curies":[{"name":"wp","href":"https:\/\/api.w.org\/{rel}","templated":true}]}}