{"id":885,"date":"2022-10-09T17:32:30","date_gmt":"2022-10-09T17:32:30","guid":{"rendered":"https:\/\/suplever.com\/?post_type=product&#038;p=885"},"modified":"2025-06-18T19:27:07","modified_gmt":"2025-06-18T19:27:07","slug":"platinum-100-caffeine-125-tabs","status":"publish","type":"product","link":"https:\/\/suplever.com\/?product=platinum-100-caffeine-125-tabs","title":{"rendered":"Platinum 100% Caffeine 125 Tabs (Outlet)"},"content":{"rendered":"<p>PRODUCTO OUTLET<br \/>\nCADUCIDAD: 10\/24<br \/>\nEMPAQUE: PERFECTO ESTADO, NUEVO Y SELLADO<br \/>\n*No aplican cambios ni devoluciones.<\/p>\n<p>Platinum Multivitamin proporciona los micronutrientes m\u00e1s cr\u00edticos para respaldar la salud general y el rendimiento deportivo. Esto incluye vitaminas A, C, D, E y B, adem\u00e1s de enzimas digestivas y amino\u00e1cidos clave.<\/p>\n<p>El suplemento multivitam\u00ednico MuscleTech es una f\u00f3rmula completa y avanzada dise\u00f1ada para adultos activos e incluso atletas para el apoyo general de la salud. Esta f\u00f3rmula cient\u00edficamente dise\u00f1ada ofrece un perfil completo de vitaminas como Vitaminas A, B, C, D y E, adem\u00e1s de minerales que los atletas de entrenamiento exigente est\u00e1n buscando, este multivitam\u00ednico esta con muchos ingredientes que incluyen vitaminas esenciales, minerales y complejo de amino\u00e1cidos.<\/p>\n<p>El suministro completo para 30 d\u00edas de esta f\u00f3rmula multivitam\u00ednica avanzada tambien brinda 865 mg de soporte animico y perfecto para complementar con productos de MuscleTech.<\/p>\n<p>\u00bfCu\u00e1les son las caracter\u00edsticas de\u00a0platinum caffeine de muscletech?<br \/>\n-Cada tableta contiene el 100% de cafe\u00edna, sin agregados ni aditivos.<br \/>\n-Provee un envi\u00f3n r\u00e1pido de energ\u00edas.<br \/>\n-Tambi\u00e9n mejora la atenci\u00f3n y el enfoque mental.<\/p>\n<p>Ingredientes y formato de\u00a0platinum caffeine de muscletech:<br \/>\nCada\u00a0c\u00e1psula contribuye con\u00a0220 mg de cafe\u00edna, sin agregados ni aditivos de ninguna clase.<\/p>\n","protected":false},"excerpt":{"rendered":"<p>Platinum Multivitamin proporciona los micronutrientes m\u00e1s cr\u00edticos para respaldar la salud general y el rendimiento deportivo. Esto incluye vitaminas A, C, D, E y B, adem\u00e1s de enzimas digestivas y amino\u00e1cidos clave.<\/p>\n<p>&nbsp;<\/p>\n<p>\u00bfCu\u00e1les son las caracter\u00edsticas de\u00a0platinum caffeine de muscletech?<br \/>\n-Cada tableta contiene el 100% de cafe\u00edna, sin agregados ni aditivos.<br \/>\n-Provee un envi\u00f3n r\u00e1pido de energ\u00edas.<br \/>\n-Tambi\u00e9n mejora la atenci\u00f3n y el enfoque mental.<\/p>\n<p>Ingredientes y formato de\u00a0platinum caffeine de muscletech:<br \/>\nCada\u00a0c\u00e1psula contribuye con\u00a0220 mg de cafe\u00edna, sin agregados ni aditivos de ninguna clase.<\/p>\n","protected":false},"featured_media":883,"template":"","meta":[],"pwb-brand":[90],"product_brand":[],"product_cat":[124,27,220],"product_tag":[212,163],"class_list":{"0":"post-885","1":"product","2":"type-product","3":"status-publish","4":"has-post-thumbnail","6":"pwb-brand-muscletech","7":"product_cat-cafeina","8":"product_cat-pre-entreno","9":"product_cat-outlet","10":"product_tag-caffeine","11":"product_tag-muscletech","12":"thunk-woo-product-list","13":"opn-qv-enable","14":"open-woo-hover-zoom","15":"open-single-product-tab-horizontal","16":"open-shadow-","17":"open-shadow-hover-","19":"first","20":"instock","21":"sale","22":"shipping-taxable","23":"purchasable","24":"product-type-simple"},"aioseo_notices":[],"jetpack_sharing_enabled":true,"brands":[{"id":90,"name":"Muscletech","slug":"muscletech"}],"_links":{"self":[{"href":"https:\/\/suplever.com\/index.php?rest_route=\/wp\/v2\/product\/885","targetHints":{"allow":["GET"]}}],"collection":[{"href":"https:\/\/suplever.com\/index.php?rest_route=\/wp\/v2\/product"}],"about":[{"href":"https:\/\/suplever.com\/index.php?rest_route=\/wp\/v2\/types\/product"}],"wp:featuredmedia":[{"embeddable":true,"href":"https:\/\/suplever.com\/index.php?rest_route=\/wp\/v2\/media\/883"}],"wp:attachment":[{"href":"https:\/\/suplever.com\/index.php?rest_route=%2Fwp%2Fv2%2Fmedia&parent=885"}],"wp:term":[{"taxonomy":"pwb-brand","embeddable":true,"href":"https:\/\/suplever.com\/index.php?rest_route=%2Fwp%2Fv2%2Fpwb-brand&post=885"},{"taxonomy":"product_brand","embeddable":true,"href":"https:\/\/suplever.com\/index.php?rest_route=%2Fwp%2Fv2%2Fproduct_brand&post=885"},{"taxonomy":"product_cat","embeddable":true,"href":"https:\/\/suplever.com\/index.php?rest_route=%2Fwp%2Fv2%2Fproduct_cat&post=885"},{"taxonomy":"product_tag","embeddable":true,"href":"https:\/\/suplever.com\/index.php?rest_route=%2Fwp%2Fv2%2Fproduct_tag&post=885"}],"curies":[{"name":"wp","href":"https:\/\/api.w.org\/{rel}","templated":true}]}}