{"id":94,"date":"2022-06-02T01:07:49","date_gmt":"2022-06-02T01:07:49","guid":{"rendered":"https:\/\/suplever.com\/?post_type=product&#038;p=94"},"modified":"2025-06-18T21:40:50","modified_gmt":"2025-06-18T21:40:50","slug":"meta-mass-12lbs","status":"publish","type":"product","link":"https:\/\/suplever.com\/?product=meta-mass-12lbs","title":{"rendered":"Meta Mass 12lbs"},"content":{"rendered":"<p>Meta Mass de Meta Nutrition\u00ae es la f\u00f3rmula dise\u00f1ada especialmente para la ganancia de masa y para quienes necesitan una dieta alta en calor\u00edas y prote\u00edna. Formulado con una combinaci\u00f3n m\u00e1s alta en prote\u00ednas de distintas fuentes como suero de leche, case\u00ednas en su estado natural micelar, Caseinato de Calcio, aislados de prote\u00edna de soya adem\u00e1s de carbohidratos de asimilaci\u00f3n r\u00e1pida y lenta para asegurar que el cuerpo tenga energ\u00eda disponible en cualquier momento y facilitar el anabolismo.<\/p>\n","protected":false},"excerpt":{"rendered":"<p>Meta Mass de Meta Nutrition\u00ae es la f\u00f3rmula dise\u00f1ada especialmente para la ganancia de masa y para quienes necesitan una dieta alta en calor\u00edas y prote\u00edna. Formulado con una combinaci\u00f3n m\u00e1s alta en prote\u00ednas de distintas fuentes como suero de leche, case\u00ednas en su estado natural micelar, Caseinato de Calcio, aislados de prote\u00edna de soya adem\u00e1s de carbohidratos de asimilaci\u00f3n r\u00e1pida y lenta para asegurar que el cuerpo tenga energ\u00eda disponible en cualquier momento y facilitar el anabolismo.<\/p>\n","protected":false},"featured_media":95,"template":"","meta":[],"pwb-brand":[49],"product_brand":[],"product_cat":[213,25],"product_tag":[39,58,23,40],"class_list":{"0":"post-94","1":"product","2":"type-product","3":"status-publish","4":"has-post-thumbnail","6":"pwb-brand-meta-nutrition","7":"product_cat-off-2024","8":"product_cat-ganadores-de-volumen","9":"product_tag-ganador-de-peso","10":"product_tag-meta-nutrition","11":"product_tag-proteina","12":"product_tag-volumen","13":"thunk-woo-product-list","14":"opn-qv-enable","15":"open-woo-hover-zoom","16":"open-single-product-tab-horizontal","17":"open-shadow-","18":"open-shadow-hover-","20":"first","21":"instock","22":"sale","23":"shipping-taxable","24":"purchasable","25":"product-type-simple"},"aioseo_notices":[],"jetpack_sharing_enabled":true,"brands":[{"id":49,"name":"Meta Nutrition","slug":"meta-nutrition"}],"_links":{"self":[{"href":"https:\/\/suplever.com\/index.php?rest_route=\/wp\/v2\/product\/94","targetHints":{"allow":["GET"]}}],"collection":[{"href":"https:\/\/suplever.com\/index.php?rest_route=\/wp\/v2\/product"}],"about":[{"href":"https:\/\/suplever.com\/index.php?rest_route=\/wp\/v2\/types\/product"}],"wp:featuredmedia":[{"embeddable":true,"href":"https:\/\/suplever.com\/index.php?rest_route=\/wp\/v2\/media\/95"}],"wp:attachment":[{"href":"https:\/\/suplever.com\/index.php?rest_route=%2Fwp%2Fv2%2Fmedia&parent=94"}],"wp:term":[{"taxonomy":"pwb-brand","embeddable":true,"href":"https:\/\/suplever.com\/index.php?rest_route=%2Fwp%2Fv2%2Fpwb-brand&post=94"},{"taxonomy":"product_brand","embeddable":true,"href":"https:\/\/suplever.com\/index.php?rest_route=%2Fwp%2Fv2%2Fproduct_brand&post=94"},{"taxonomy":"product_cat","embeddable":true,"href":"https:\/\/suplever.com\/index.php?rest_route=%2Fwp%2Fv2%2Fproduct_cat&post=94"},{"taxonomy":"product_tag","embeddable":true,"href":"https:\/\/suplever.com\/index.php?rest_route=%2Fwp%2Fv2%2Fproduct_tag&post=94"}],"curies":[{"name":"wp","href":"https:\/\/api.w.org\/{rel}","templated":true}]}}